{"id":3275,"date":"2024-03-21T15:02:48","date_gmt":"2024-03-21T19:02:48","guid":{"rendered":"https:\/\/azurdeces.com\/produit\/treble-clef-pendant-stainless-steel\/"},"modified":"2025-10-01T15:54:58","modified_gmt":"2025-10-01T19:54:58","slug":"treble-clef-pendant-stainless-steel","status":"publish","type":"product","link":"https:\/\/azurdeces.com\/en\/product\/treble-clef-pendant-stainless-steel\/","title":{"rendered":"Treble Clef Pendant &#8211; Silver"},"content":{"rendered":"<p>Stainless steel reliquary jewel<\/p>\n","protected":false},"excerpt":{"rendered":"<p>Ashes inserted in your jewel.<\/p>\n","protected":false},"featured_media":2514,"template":"","meta":[],"product_brand":[],"product_cat":[51],"product_tag":[309],"class_list":{"0":"post-3275","1":"product","2":"type-product","3":"status-publish","4":"has-post-thumbnail","6":"product_cat-jewelry","7":"product_tag-stainless-en","9":"first","10":"outofstock","11":"shipping-taxable","12":"purchasable","13":"product-type-simple"},"supplier_id":null,"supplier_sku":"","barcode":null,"atum_controlled":true,"out_stock_date":"2026-03-27 15:10:15","out_stock_threshold":null,"inheritable":false,"inbound_stock":0,"stock_on_hold":0,"sold_today":0,"sales_last_days":0,"reserved_stock":0,"customer_returns":0,"warehouse_damage":0,"lost_in_post":0,"other_logs":0,"out_stock_days":19,"lost_sales":0,"has_location":false,"update_date":"2026-04-16T00:13:52","atum_locations":[],"atum_stock_status":"outofstock","restock_status":false,"low_stock_amount":"","sales_update_date":"2026-04-16T00:13:52","calc_backorders":null,"yoast_head":"<!-- This site is optimized with the Yoast SEO plugin v27.3 - https:\/\/yoast.com\/product\/yoast-seo-wordpress\/ -->\n<title>Treble Clef Pendant - Silver - Services fun\u00e9raires Azur incin\u00e9ration<\/title>\n<meta name=\"robots\" content=\"index, follow\" \/>\n<link rel=\"canonical\" href=\"https:\/\/azurdeces.com\/en\/product\/treble-clef-pendant-stainless-steel\/\" \/>\n<meta property=\"og:locale\" content=\"en_US\" \/>\n<meta property=\"og:type\" content=\"article\" \/>\n<meta property=\"og:title\" content=\"Treble Clef Pendant - Silver - Services fun\u00e9raires Azur incin\u00e9ration\" \/>\n<meta property=\"og:description\" content=\"Ashes inserted in your jewel.\" \/>\n<meta property=\"og:url\" content=\"https:\/\/azurdeces.com\/en\/product\/treble-clef-pendant-stainless-steel\/\" \/>\n<meta property=\"og:site_name\" content=\"Services fun\u00e9raires Azur incin\u00e9ration\" \/>\n<meta property=\"article:modified_time\" content=\"2025-10-01T19:54:58+00:00\" \/>\n<meta property=\"og:image\" content=\"https:\/\/azurdeces.com\/wp-content\/uploads\/2024\/03\/sta834-scaled-1.png\" \/>\n\t<meta property=\"og:image:width\" content=\"2560\" \/>\n\t<meta property=\"og:image:height\" content=\"2319\" \/>\n\t<meta property=\"og:image:type\" content=\"image\/png\" \/>\n<meta name=\"twitter:card\" content=\"summary_large_image\" \/>\n<script type=\"application\/ld+json\" class=\"yoast-schema-graph\">{\"@context\":\"https:\\\/\\\/schema.org\",\"@graph\":[{\"@type\":\"WebPage\",\"@id\":\"https:\\\/\\\/azurdeces.com\\\/en\\\/product\\\/treble-clef-pendant-stainless-steel\\\/\",\"url\":\"https:\\\/\\\/azurdeces.com\\\/en\\\/product\\\/treble-clef-pendant-stainless-steel\\\/\",\"name\":\"Treble Clef Pendant - Silver - Services fun\u00e9raires Azur incin\u00e9ration\",\"isPartOf\":{\"@id\":\"https:\\\/\\\/azurdeces.com\\\/en\\\/#website\"},\"primaryImageOfPage\":{\"@id\":\"https:\\\/\\\/azurdeces.com\\\/en\\\/product\\\/treble-clef-pendant-stainless-steel\\\/#primaryimage\"},\"image\":{\"@id\":\"https:\\\/\\\/azurdeces.com\\\/en\\\/product\\\/treble-clef-pendant-stainless-steel\\\/#primaryimage\"},\"thumbnailUrl\":\"https:\\\/\\\/azurdeces.com\\\/wp-content\\\/uploads\\\/2024\\\/03\\\/sta834-scaled-1.png\",\"datePublished\":\"2024-03-21T19:02:48+00:00\",\"dateModified\":\"2025-10-01T19:54:58+00:00\",\"breadcrumb\":{\"@id\":\"https:\\\/\\\/azurdeces.com\\\/en\\\/product\\\/treble-clef-pendant-stainless-steel\\\/#breadcrumb\"},\"inLanguage\":\"en-US\",\"potentialAction\":[{\"@type\":\"ReadAction\",\"target\":[\"https:\\\/\\\/azurdeces.com\\\/en\\\/product\\\/treble-clef-pendant-stainless-steel\\\/\"]}]},{\"@type\":\"ImageObject\",\"inLanguage\":\"en-US\",\"@id\":\"https:\\\/\\\/azurdeces.com\\\/en\\\/product\\\/treble-clef-pendant-stainless-steel\\\/#primaryimage\",\"url\":\"https:\\\/\\\/azurdeces.com\\\/wp-content\\\/uploads\\\/2024\\\/03\\\/sta834-scaled-1.png\",\"contentUrl\":\"https:\\\/\\\/azurdeces.com\\\/wp-content\\\/uploads\\\/2024\\\/03\\\/sta834-scaled-1.png\",\"width\":2560,\"height\":2319},{\"@type\":\"BreadcrumbList\",\"@id\":\"https:\\\/\\\/azurdeces.com\\\/en\\\/product\\\/treble-clef-pendant-stainless-steel\\\/#breadcrumb\",\"itemListElement\":[{\"@type\":\"ListItem\",\"position\":1,\"name\":\"Accueil\",\"item\":\"https:\\\/\\\/azurdeces.com\\\/en\\\/\"},{\"@type\":\"ListItem\",\"position\":2,\"name\":\"Products\",\"item\":\"https:\\\/\\\/azurdeces.com\\\/en\\\/shop\\\/\"},{\"@type\":\"ListItem\",\"position\":3,\"name\":\"Treble Clef Pendant &#8211; Silver\"}]},{\"@type\":\"WebSite\",\"@id\":\"https:\\\/\\\/azurdeces.com\\\/en\\\/#website\",\"url\":\"https:\\\/\\\/azurdeces.com\\\/en\\\/\",\"name\":\"Services fun\u00e9raires Azur - Transmission d'informations pour un d\u00e9c\u00e8s\",\"description\":\"Formulaire de transmission d&#039;informations pour un d\u00e9c\u00e8s\",\"publisher\":{\"@id\":\"https:\\\/\\\/azurdeces.com\\\/en\\\/#organization\"},\"potentialAction\":[{\"@type\":\"SearchAction\",\"target\":{\"@type\":\"EntryPoint\",\"urlTemplate\":\"https:\\\/\\\/azurdeces.com\\\/en\\\/?s={search_term_string}\"},\"query-input\":{\"@type\":\"PropertyValueSpecification\",\"valueRequired\":true,\"valueName\":\"search_term_string\"}}],\"inLanguage\":\"en-US\"},{\"@type\":\"Organization\",\"@id\":\"https:\\\/\\\/azurdeces.com\\\/en\\\/#organization\",\"name\":\"Services fun\u00e9raires Azur - Transmission d'informations pour un d\u00e9c\u00e8s\",\"url\":\"https:\\\/\\\/azurdeces.com\\\/en\\\/\",\"logo\":{\"@type\":\"ImageObject\",\"inLanguage\":\"en-US\",\"@id\":\"https:\\\/\\\/azurdeces.com\\\/en\\\/#\\\/schema\\\/logo\\\/image\\\/\",\"url\":\"https:\\\/\\\/azurdeces.com\\\/wp-content\\\/uploads\\\/2025\\\/04\\\/Service-Funeraire-Azur_2024_Couleur-siteicon.png\",\"contentUrl\":\"https:\\\/\\\/azurdeces.com\\\/wp-content\\\/uploads\\\/2025\\\/04\\\/Service-Funeraire-Azur_2024_Couleur-siteicon.png\",\"width\":769,\"height\":769,\"caption\":\"Services fun\u00e9raires Azur - Transmission d'informations pour un d\u00e9c\u00e8s\"},\"image\":{\"@id\":\"https:\\\/\\\/azurdeces.com\\\/en\\\/#\\\/schema\\\/logo\\\/image\\\/\"}}]}<\/script>\n<!-- \/ Yoast SEO plugin. -->","yoast_head_json":{"title":"Treble Clef Pendant - Silver - Services fun\u00e9raires Azur incin\u00e9ration","robots":{"index":"index","follow":"follow"},"canonical":"https:\/\/azurdeces.com\/en\/product\/treble-clef-pendant-stainless-steel\/","og_locale":"en_US","og_type":"article","og_title":"Treble Clef Pendant - Silver - Services fun\u00e9raires Azur incin\u00e9ration","og_description":"Ashes inserted in your jewel.","og_url":"https:\/\/azurdeces.com\/en\/product\/treble-clef-pendant-stainless-steel\/","og_site_name":"Services fun\u00e9raires Azur incin\u00e9ration","article_modified_time":"2025-10-01T19:54:58+00:00","og_image":[{"width":2560,"height":2319,"url":"https:\/\/azurdeces.com\/wp-content\/uploads\/2024\/03\/sta834-scaled-1.png","type":"image\/png"}],"twitter_card":"summary_large_image","schema":{"@context":"https:\/\/schema.org","@graph":[{"@type":"WebPage","@id":"https:\/\/azurdeces.com\/en\/product\/treble-clef-pendant-stainless-steel\/","url":"https:\/\/azurdeces.com\/en\/product\/treble-clef-pendant-stainless-steel\/","name":"Treble Clef Pendant - Silver - Services fun\u00e9raires Azur incin\u00e9ration","isPartOf":{"@id":"https:\/\/azurdeces.com\/en\/#website"},"primaryImageOfPage":{"@id":"https:\/\/azurdeces.com\/en\/product\/treble-clef-pendant-stainless-steel\/#primaryimage"},"image":{"@id":"https:\/\/azurdeces.com\/en\/product\/treble-clef-pendant-stainless-steel\/#primaryimage"},"thumbnailUrl":"https:\/\/azurdeces.com\/wp-content\/uploads\/2024\/03\/sta834-scaled-1.png","datePublished":"2024-03-21T19:02:48+00:00","dateModified":"2025-10-01T19:54:58+00:00","breadcrumb":{"@id":"https:\/\/azurdeces.com\/en\/product\/treble-clef-pendant-stainless-steel\/#breadcrumb"},"inLanguage":"en-US","potentialAction":[{"@type":"ReadAction","target":["https:\/\/azurdeces.com\/en\/product\/treble-clef-pendant-stainless-steel\/"]}]},{"@type":"ImageObject","inLanguage":"en-US","@id":"https:\/\/azurdeces.com\/en\/product\/treble-clef-pendant-stainless-steel\/#primaryimage","url":"https:\/\/azurdeces.com\/wp-content\/uploads\/2024\/03\/sta834-scaled-1.png","contentUrl":"https:\/\/azurdeces.com\/wp-content\/uploads\/2024\/03\/sta834-scaled-1.png","width":2560,"height":2319},{"@type":"BreadcrumbList","@id":"https:\/\/azurdeces.com\/en\/product\/treble-clef-pendant-stainless-steel\/#breadcrumb","itemListElement":[{"@type":"ListItem","position":1,"name":"Accueil","item":"https:\/\/azurdeces.com\/en\/"},{"@type":"ListItem","position":2,"name":"Products","item":"https:\/\/azurdeces.com\/en\/shop\/"},{"@type":"ListItem","position":3,"name":"Treble Clef Pendant &#8211; Silver"}]},{"@type":"WebSite","@id":"https:\/\/azurdeces.com\/en\/#website","url":"https:\/\/azurdeces.com\/en\/","name":"Services fun\u00e9raires Azur - Transmission d'informations pour un d\u00e9c\u00e8s","description":"Formulaire de transmission d&#039;informations pour un d\u00e9c\u00e8s","publisher":{"@id":"https:\/\/azurdeces.com\/en\/#organization"},"potentialAction":[{"@type":"SearchAction","target":{"@type":"EntryPoint","urlTemplate":"https:\/\/azurdeces.com\/en\/?s={search_term_string}"},"query-input":{"@type":"PropertyValueSpecification","valueRequired":true,"valueName":"search_term_string"}}],"inLanguage":"en-US"},{"@type":"Organization","@id":"https:\/\/azurdeces.com\/en\/#organization","name":"Services fun\u00e9raires Azur - Transmission d'informations pour un d\u00e9c\u00e8s","url":"https:\/\/azurdeces.com\/en\/","logo":{"@type":"ImageObject","inLanguage":"en-US","@id":"https:\/\/azurdeces.com\/en\/#\/schema\/logo\/image\/","url":"https:\/\/azurdeces.com\/wp-content\/uploads\/2025\/04\/Service-Funeraire-Azur_2024_Couleur-siteicon.png","contentUrl":"https:\/\/azurdeces.com\/wp-content\/uploads\/2025\/04\/Service-Funeraire-Azur_2024_Couleur-siteicon.png","width":769,"height":769,"caption":"Services fun\u00e9raires Azur - Transmission d'informations pour un d\u00e9c\u00e8s"},"image":{"@id":"https:\/\/azurdeces.com\/en\/#\/schema\/logo\/image\/"}}]}},"_links":{"self":[{"href":"https:\/\/azurdeces.com\/en\/wp-json\/wp\/v2\/product\/3275","targetHints":{"allow":["GET"]}}],"collection":[{"href":"https:\/\/azurdeces.com\/en\/wp-json\/wp\/v2\/product"}],"about":[{"href":"https:\/\/azurdeces.com\/en\/wp-json\/wp\/v2\/types\/product"}],"wp:featuredmedia":[{"embeddable":true,"href":"https:\/\/azurdeces.com\/en\/wp-json\/wp\/v2\/media\/2514"}],"wp:attachment":[{"href":"https:\/\/azurdeces.com\/en\/wp-json\/wp\/v2\/media?parent=3275"}],"wp:term":[{"taxonomy":"product_brand","embeddable":true,"href":"https:\/\/azurdeces.com\/en\/wp-json\/wp\/v2\/product_brand?post=3275"},{"taxonomy":"product_cat","embeddable":true,"href":"https:\/\/azurdeces.com\/en\/wp-json\/wp\/v2\/product_cat?post=3275"},{"taxonomy":"product_tag","embeddable":true,"href":"https:\/\/azurdeces.com\/en\/wp-json\/wp\/v2\/product_tag?post=3275"}],"curies":[{"name":"wp","href":"https:\/\/api.w.org\/{rel}","templated":true}]}}