{"id":3290,"date":"2024-03-21T15:02:32","date_gmt":"2024-03-21T19:02:32","guid":{"rendered":"https:\/\/azurdeces.com\/produit\/small-flat-heart-pendant-rose-gold\/"},"modified":"2025-12-12T14:51:48","modified_gmt":"2025-12-12T19:51:48","slug":"small-flat-heart-pendant-rose-gold","status":"publish","type":"product","link":"https:\/\/azurdeces.com\/en\/product\/small-flat-heart-pendant-rose-gold\/","title":{"rendered":"Pendant Small Flat Heart &#8211; Rose gold"},"content":{"rendered":"<p>Stainless steel reliquary jewel<\/p>\n","protected":false},"excerpt":{"rendered":"<p>Ashes inserted in your jewel.<\/p>\n","protected":false},"featured_media":4159,"template":"","meta":[],"product_brand":[],"product_cat":[51],"product_tag":[309],"class_list":{"0":"post-3290","1":"product","2":"type-product","3":"status-publish","4":"has-post-thumbnail","6":"product_cat-jewelry","7":"product_tag-stainless-en","9":"first","10":"instock","11":"shipping-taxable","12":"purchasable","13":"product-type-simple"},"supplier_id":null,"supplier_sku":"","barcode":null,"atum_controlled":true,"out_stock_date":null,"out_stock_threshold":null,"inheritable":false,"inbound_stock":0,"stock_on_hold":0,"sold_today":0,"sales_last_days":0,"reserved_stock":0,"customer_returns":0,"warehouse_damage":0,"lost_in_post":0,"other_logs":0,"out_stock_days":0,"lost_sales":0,"has_location":false,"update_date":"2026-04-16T00:13:52","atum_locations":[],"atum_stock_status":"instock","restock_status":false,"low_stock_amount":"","sales_update_date":"2026-04-16T00:13:52","calc_backorders":null,"yoast_head":"<!-- This site is optimized with the Yoast SEO plugin v27.3 - https:\/\/yoast.com\/product\/yoast-seo-wordpress\/ -->\n<title>Pendant Small Flat Heart - Rose gold - Services fun\u00e9raires Azur incin\u00e9ration<\/title>\n<meta name=\"robots\" content=\"index, follow\" \/>\n<link rel=\"canonical\" href=\"https:\/\/azurdeces.com\/en\/product\/small-flat-heart-pendant-rose-gold\/\" \/>\n<meta property=\"og:locale\" content=\"en_US\" \/>\n<meta property=\"og:type\" content=\"article\" \/>\n<meta property=\"og:title\" content=\"Pendant Small Flat Heart - Rose gold - Services fun\u00e9raires Azur incin\u00e9ration\" \/>\n<meta property=\"og:description\" content=\"Ashes inserted in your jewel.\" \/>\n<meta property=\"og:url\" content=\"https:\/\/azurdeces.com\/en\/product\/small-flat-heart-pendant-rose-gold\/\" \/>\n<meta property=\"og:site_name\" content=\"Services fun\u00e9raires Azur incin\u00e9ration\" \/>\n<meta property=\"article:modified_time\" content=\"2025-12-12T19:51:48+00:00\" \/>\n<meta property=\"og:image\" content=\"https:\/\/azurdeces.com\/wp-content\/uploads\/2024\/03\/Pendentif-Petit-Coeur-Plat_STA-808-Rose.jpg\" \/>\n\t<meta property=\"og:image:width\" content=\"1600\" \/>\n\t<meta property=\"og:image:height\" content=\"1600\" \/>\n\t<meta property=\"og:image:type\" content=\"image\/jpeg\" \/>\n<meta name=\"twitter:card\" content=\"summary_large_image\" \/>\n<script type=\"application\/ld+json\" class=\"yoast-schema-graph\">{\"@context\":\"https:\\\/\\\/schema.org\",\"@graph\":[{\"@type\":\"WebPage\",\"@id\":\"https:\\\/\\\/azurdeces.com\\\/en\\\/product\\\/small-flat-heart-pendant-rose-gold\\\/\",\"url\":\"https:\\\/\\\/azurdeces.com\\\/en\\\/product\\\/small-flat-heart-pendant-rose-gold\\\/\",\"name\":\"Pendant Small Flat Heart - Rose gold - Services fun\u00e9raires Azur incin\u00e9ration\",\"isPartOf\":{\"@id\":\"https:\\\/\\\/azurdeces.com\\\/en\\\/#website\"},\"primaryImageOfPage\":{\"@id\":\"https:\\\/\\\/azurdeces.com\\\/en\\\/product\\\/small-flat-heart-pendant-rose-gold\\\/#primaryimage\"},\"image\":{\"@id\":\"https:\\\/\\\/azurdeces.com\\\/en\\\/product\\\/small-flat-heart-pendant-rose-gold\\\/#primaryimage\"},\"thumbnailUrl\":\"https:\\\/\\\/azurdeces.com\\\/wp-content\\\/uploads\\\/2024\\\/03\\\/Pendentif-Petit-Coeur-Plat_STA-808-Rose.jpg\",\"datePublished\":\"2024-03-21T19:02:32+00:00\",\"dateModified\":\"2025-12-12T19:51:48+00:00\",\"breadcrumb\":{\"@id\":\"https:\\\/\\\/azurdeces.com\\\/en\\\/product\\\/small-flat-heart-pendant-rose-gold\\\/#breadcrumb\"},\"inLanguage\":\"en-US\",\"potentialAction\":[{\"@type\":\"ReadAction\",\"target\":[\"https:\\\/\\\/azurdeces.com\\\/en\\\/product\\\/small-flat-heart-pendant-rose-gold\\\/\"]}]},{\"@type\":\"ImageObject\",\"inLanguage\":\"en-US\",\"@id\":\"https:\\\/\\\/azurdeces.com\\\/en\\\/product\\\/small-flat-heart-pendant-rose-gold\\\/#primaryimage\",\"url\":\"https:\\\/\\\/azurdeces.com\\\/wp-content\\\/uploads\\\/2024\\\/03\\\/Pendentif-Petit-Coeur-Plat_STA-808-Rose.jpg\",\"contentUrl\":\"https:\\\/\\\/azurdeces.com\\\/wp-content\\\/uploads\\\/2024\\\/03\\\/Pendentif-Petit-Coeur-Plat_STA-808-Rose.jpg\",\"width\":1600,\"height\":1600},{\"@type\":\"BreadcrumbList\",\"@id\":\"https:\\\/\\\/azurdeces.com\\\/en\\\/product\\\/small-flat-heart-pendant-rose-gold\\\/#breadcrumb\",\"itemListElement\":[{\"@type\":\"ListItem\",\"position\":1,\"name\":\"Accueil\",\"item\":\"https:\\\/\\\/azurdeces.com\\\/en\\\/\"},{\"@type\":\"ListItem\",\"position\":2,\"name\":\"Products\",\"item\":\"https:\\\/\\\/azurdeces.com\\\/en\\\/shop\\\/\"},{\"@type\":\"ListItem\",\"position\":3,\"name\":\"Pendant Small Flat Heart &#8211; Rose gold\"}]},{\"@type\":\"WebSite\",\"@id\":\"https:\\\/\\\/azurdeces.com\\\/en\\\/#website\",\"url\":\"https:\\\/\\\/azurdeces.com\\\/en\\\/\",\"name\":\"Services fun\u00e9raires Azur - Transmission d'informations pour un d\u00e9c\u00e8s\",\"description\":\"Formulaire de transmission d&#039;informations pour un d\u00e9c\u00e8s\",\"publisher\":{\"@id\":\"https:\\\/\\\/azurdeces.com\\\/en\\\/#organization\"},\"potentialAction\":[{\"@type\":\"SearchAction\",\"target\":{\"@type\":\"EntryPoint\",\"urlTemplate\":\"https:\\\/\\\/azurdeces.com\\\/en\\\/?s={search_term_string}\"},\"query-input\":{\"@type\":\"PropertyValueSpecification\",\"valueRequired\":true,\"valueName\":\"search_term_string\"}}],\"inLanguage\":\"en-US\"},{\"@type\":\"Organization\",\"@id\":\"https:\\\/\\\/azurdeces.com\\\/en\\\/#organization\",\"name\":\"Services fun\u00e9raires Azur - Transmission d'informations pour un d\u00e9c\u00e8s\",\"url\":\"https:\\\/\\\/azurdeces.com\\\/en\\\/\",\"logo\":{\"@type\":\"ImageObject\",\"inLanguage\":\"en-US\",\"@id\":\"https:\\\/\\\/azurdeces.com\\\/en\\\/#\\\/schema\\\/logo\\\/image\\\/\",\"url\":\"https:\\\/\\\/azurdeces.com\\\/wp-content\\\/uploads\\\/2025\\\/04\\\/Service-Funeraire-Azur_2024_Couleur-siteicon.png\",\"contentUrl\":\"https:\\\/\\\/azurdeces.com\\\/wp-content\\\/uploads\\\/2025\\\/04\\\/Service-Funeraire-Azur_2024_Couleur-siteicon.png\",\"width\":769,\"height\":769,\"caption\":\"Services fun\u00e9raires Azur - Transmission d'informations pour un d\u00e9c\u00e8s\"},\"image\":{\"@id\":\"https:\\\/\\\/azurdeces.com\\\/en\\\/#\\\/schema\\\/logo\\\/image\\\/\"}}]}<\/script>\n<!-- \/ Yoast SEO plugin. -->","yoast_head_json":{"title":"Pendant Small Flat Heart - Rose gold - Services fun\u00e9raires Azur incin\u00e9ration","robots":{"index":"index","follow":"follow"},"canonical":"https:\/\/azurdeces.com\/en\/product\/small-flat-heart-pendant-rose-gold\/","og_locale":"en_US","og_type":"article","og_title":"Pendant Small Flat Heart - Rose gold - Services fun\u00e9raires Azur incin\u00e9ration","og_description":"Ashes inserted in your jewel.","og_url":"https:\/\/azurdeces.com\/en\/product\/small-flat-heart-pendant-rose-gold\/","og_site_name":"Services fun\u00e9raires Azur incin\u00e9ration","article_modified_time":"2025-12-12T19:51:48+00:00","og_image":[{"width":1600,"height":1600,"url":"https:\/\/azurdeces.com\/wp-content\/uploads\/2024\/03\/Pendentif-Petit-Coeur-Plat_STA-808-Rose.jpg","type":"image\/jpeg"}],"twitter_card":"summary_large_image","schema":{"@context":"https:\/\/schema.org","@graph":[{"@type":"WebPage","@id":"https:\/\/azurdeces.com\/en\/product\/small-flat-heart-pendant-rose-gold\/","url":"https:\/\/azurdeces.com\/en\/product\/small-flat-heart-pendant-rose-gold\/","name":"Pendant Small Flat Heart - Rose gold - Services fun\u00e9raires Azur incin\u00e9ration","isPartOf":{"@id":"https:\/\/azurdeces.com\/en\/#website"},"primaryImageOfPage":{"@id":"https:\/\/azurdeces.com\/en\/product\/small-flat-heart-pendant-rose-gold\/#primaryimage"},"image":{"@id":"https:\/\/azurdeces.com\/en\/product\/small-flat-heart-pendant-rose-gold\/#primaryimage"},"thumbnailUrl":"https:\/\/azurdeces.com\/wp-content\/uploads\/2024\/03\/Pendentif-Petit-Coeur-Plat_STA-808-Rose.jpg","datePublished":"2024-03-21T19:02:32+00:00","dateModified":"2025-12-12T19:51:48+00:00","breadcrumb":{"@id":"https:\/\/azurdeces.com\/en\/product\/small-flat-heart-pendant-rose-gold\/#breadcrumb"},"inLanguage":"en-US","potentialAction":[{"@type":"ReadAction","target":["https:\/\/azurdeces.com\/en\/product\/small-flat-heart-pendant-rose-gold\/"]}]},{"@type":"ImageObject","inLanguage":"en-US","@id":"https:\/\/azurdeces.com\/en\/product\/small-flat-heart-pendant-rose-gold\/#primaryimage","url":"https:\/\/azurdeces.com\/wp-content\/uploads\/2024\/03\/Pendentif-Petit-Coeur-Plat_STA-808-Rose.jpg","contentUrl":"https:\/\/azurdeces.com\/wp-content\/uploads\/2024\/03\/Pendentif-Petit-Coeur-Plat_STA-808-Rose.jpg","width":1600,"height":1600},{"@type":"BreadcrumbList","@id":"https:\/\/azurdeces.com\/en\/product\/small-flat-heart-pendant-rose-gold\/#breadcrumb","itemListElement":[{"@type":"ListItem","position":1,"name":"Accueil","item":"https:\/\/azurdeces.com\/en\/"},{"@type":"ListItem","position":2,"name":"Products","item":"https:\/\/azurdeces.com\/en\/shop\/"},{"@type":"ListItem","position":3,"name":"Pendant Small Flat Heart &#8211; Rose gold"}]},{"@type":"WebSite","@id":"https:\/\/azurdeces.com\/en\/#website","url":"https:\/\/azurdeces.com\/en\/","name":"Services fun\u00e9raires Azur - Transmission d'informations pour un d\u00e9c\u00e8s","description":"Formulaire de transmission d&#039;informations pour un d\u00e9c\u00e8s","publisher":{"@id":"https:\/\/azurdeces.com\/en\/#organization"},"potentialAction":[{"@type":"SearchAction","target":{"@type":"EntryPoint","urlTemplate":"https:\/\/azurdeces.com\/en\/?s={search_term_string}"},"query-input":{"@type":"PropertyValueSpecification","valueRequired":true,"valueName":"search_term_string"}}],"inLanguage":"en-US"},{"@type":"Organization","@id":"https:\/\/azurdeces.com\/en\/#organization","name":"Services fun\u00e9raires Azur - Transmission d'informations pour un d\u00e9c\u00e8s","url":"https:\/\/azurdeces.com\/en\/","logo":{"@type":"ImageObject","inLanguage":"en-US","@id":"https:\/\/azurdeces.com\/en\/#\/schema\/logo\/image\/","url":"https:\/\/azurdeces.com\/wp-content\/uploads\/2025\/04\/Service-Funeraire-Azur_2024_Couleur-siteicon.png","contentUrl":"https:\/\/azurdeces.com\/wp-content\/uploads\/2025\/04\/Service-Funeraire-Azur_2024_Couleur-siteicon.png","width":769,"height":769,"caption":"Services fun\u00e9raires Azur - Transmission d'informations pour un d\u00e9c\u00e8s"},"image":{"@id":"https:\/\/azurdeces.com\/en\/#\/schema\/logo\/image\/"}}]}},"_links":{"self":[{"href":"https:\/\/azurdeces.com\/en\/wp-json\/wp\/v2\/product\/3290","targetHints":{"allow":["GET"]}}],"collection":[{"href":"https:\/\/azurdeces.com\/en\/wp-json\/wp\/v2\/product"}],"about":[{"href":"https:\/\/azurdeces.com\/en\/wp-json\/wp\/v2\/types\/product"}],"wp:featuredmedia":[{"embeddable":true,"href":"https:\/\/azurdeces.com\/en\/wp-json\/wp\/v2\/media\/4159"}],"wp:attachment":[{"href":"https:\/\/azurdeces.com\/en\/wp-json\/wp\/v2\/media?parent=3290"}],"wp:term":[{"taxonomy":"product_brand","embeddable":true,"href":"https:\/\/azurdeces.com\/en\/wp-json\/wp\/v2\/product_brand?post=3290"},{"taxonomy":"product_cat","embeddable":true,"href":"https:\/\/azurdeces.com\/en\/wp-json\/wp\/v2\/product_cat?post=3290"},{"taxonomy":"product_tag","embeddable":true,"href":"https:\/\/azurdeces.com\/en\/wp-json\/wp\/v2\/product_tag?post=3290"}],"curies":[{"name":"wp","href":"https:\/\/api.w.org\/{rel}","templated":true}]}}