{"id":3404,"date":"2024-05-28T10:05:59","date_gmt":"2024-05-28T18:11:29","guid":{"rendered":"https:\/\/azurdeces.com\/produit\/gold-heart-identification-ornament\/"},"modified":"2025-04-26T10:33:21","modified_gmt":"2025-04-26T14:33:21","slug":"gold-heart-identification-ornament","status":"publish","type":"product","link":"https:\/\/azurdeces.com\/en\/product\/gold-heart-identification-ornament\/","title":{"rendered":"Gold heart identification ornament"},"content":{"rendered":"<p align=\"justify\">Designed to last, this elegant, sturdy plaque is perfect for personalizing funeral urns. Engraved with precision, it can include names, dates, commemorative messages or meaningful symbols, creating a unique and memorable tribute.<\/p>\n","protected":false},"excerpt":{"rendered":"<p align=\"justify\">Add an elegant touch to your urns with our gold-plated alloy nameplate, customizable with engraving. Supplied with a chain or a choice of colored ribbons, it offers a sophisticated, long-lasting finish. Ideal for a unique, respectful tribute.<\/p>\n","protected":false},"featured_media":3311,"template":"","meta":[],"product_brand":[],"product_cat":[52],"product_tag":[],"class_list":{"0":"post-3404","1":"product","2":"type-product","3":"status-publish","4":"has-post-thumbnail","6":"product_cat-identification-plate","8":"first","9":"instock","10":"shipping-taxable","11":"purchasable","12":"product-type-variable","13":"has-default-attributes"},"supplier_id":null,"supplier_sku":"","barcode":null,"atum_controlled":true,"out_stock_date":null,"out_stock_threshold":null,"inheritable":true,"inbound_stock":0,"stock_on_hold":0,"sold_today":0,"sales_last_days":0,"reserved_stock":0,"customer_returns":0,"warehouse_damage":0,"lost_in_post":0,"other_logs":0,"out_stock_days":0,"lost_sales":0,"has_location":false,"update_date":"2026-04-29T00:23:39","atum_locations":[],"atum_stock_status":"instock","restock_status":false,"low_stock_amount":"","sales_update_date":"2026-04-29T00:23:39","calc_backorders":null,"yoast_head":"<!-- This site is optimized with the Yoast SEO plugin v27.3 - https:\/\/yoast.com\/product\/yoast-seo-wordpress\/ -->\n<title>Gold heart identification ornament - Services fun\u00e9raires Azur incin\u00e9ration<\/title>\n<meta name=\"robots\" content=\"index, follow\" \/>\n<link rel=\"canonical\" href=\"https:\/\/azurdeces.com\/en\/product\/gold-heart-identification-ornament\/\" \/>\n<meta property=\"og:locale\" content=\"en_US\" \/>\n<meta property=\"og:type\" content=\"article\" \/>\n<meta property=\"og:title\" content=\"Gold heart identification ornament - Services fun\u00e9raires Azur incin\u00e9ration\" \/>\n<meta property=\"og:description\" content=\"Add an elegant touch to your urns with our gold-plated alloy nameplate, customizable with engraving. Supplied with a chain or a choice of colored ribbons, it offers a sophisticated, long-lasting finish. Ideal for a unique, respectful tribute.\" \/>\n<meta property=\"og:url\" content=\"https:\/\/azurdeces.com\/en\/product\/gold-heart-identification-ornament\/\" \/>\n<meta property=\"og:site_name\" content=\"Services fun\u00e9raires Azur incin\u00e9ration\" \/>\n<meta property=\"article:modified_time\" content=\"2025-04-26T14:33:21+00:00\" \/>\n<meta property=\"og:image\" content=\"https:\/\/azurdeces.com\/wp-content\/uploads\/2024\/05\/coeur-or-chaine.png\" \/>\n\t<meta property=\"og:image:width\" content=\"1200\" \/>\n\t<meta property=\"og:image:height\" content=\"1200\" \/>\n\t<meta property=\"og:image:type\" content=\"image\/png\" \/>\n<meta name=\"twitter:card\" content=\"summary_large_image\" \/>\n<script type=\"application\/ld+json\" class=\"yoast-schema-graph\">{\"@context\":\"https:\\\/\\\/schema.org\",\"@graph\":[{\"@type\":\"WebPage\",\"@id\":\"https:\\\/\\\/azurdeces.com\\\/en\\\/product\\\/gold-heart-identification-ornament\\\/\",\"url\":\"https:\\\/\\\/azurdeces.com\\\/en\\\/product\\\/gold-heart-identification-ornament\\\/\",\"name\":\"Gold heart identification ornament - Services fun\u00e9raires Azur incin\u00e9ration\",\"isPartOf\":{\"@id\":\"https:\\\/\\\/azurdeces.com\\\/en\\\/#website\"},\"primaryImageOfPage\":{\"@id\":\"https:\\\/\\\/azurdeces.com\\\/en\\\/product\\\/gold-heart-identification-ornament\\\/#primaryimage\"},\"image\":{\"@id\":\"https:\\\/\\\/azurdeces.com\\\/en\\\/product\\\/gold-heart-identification-ornament\\\/#primaryimage\"},\"thumbnailUrl\":\"https:\\\/\\\/azurdeces.com\\\/wp-content\\\/uploads\\\/2024\\\/05\\\/coeur-or-chaine.png\",\"datePublished\":\"2024-05-28T18:11:29+00:00\",\"dateModified\":\"2025-04-26T14:33:21+00:00\",\"breadcrumb\":{\"@id\":\"https:\\\/\\\/azurdeces.com\\\/en\\\/product\\\/gold-heart-identification-ornament\\\/#breadcrumb\"},\"inLanguage\":\"en-US\",\"potentialAction\":[{\"@type\":\"ReadAction\",\"target\":[\"https:\\\/\\\/azurdeces.com\\\/en\\\/product\\\/gold-heart-identification-ornament\\\/\"]}]},{\"@type\":\"ImageObject\",\"inLanguage\":\"en-US\",\"@id\":\"https:\\\/\\\/azurdeces.com\\\/en\\\/product\\\/gold-heart-identification-ornament\\\/#primaryimage\",\"url\":\"https:\\\/\\\/azurdeces.com\\\/wp-content\\\/uploads\\\/2024\\\/05\\\/coeur-or-chaine.png\",\"contentUrl\":\"https:\\\/\\\/azurdeces.com\\\/wp-content\\\/uploads\\\/2024\\\/05\\\/coeur-or-chaine.png\",\"width\":1200,\"height\":1200,\"caption\":\"C\u0153ur argent avec cha\u00eenette\"},{\"@type\":\"BreadcrumbList\",\"@id\":\"https:\\\/\\\/azurdeces.com\\\/en\\\/product\\\/gold-heart-identification-ornament\\\/#breadcrumb\",\"itemListElement\":[{\"@type\":\"ListItem\",\"position\":1,\"name\":\"Accueil\",\"item\":\"https:\\\/\\\/azurdeces.com\\\/en\\\/\"},{\"@type\":\"ListItem\",\"position\":2,\"name\":\"Products\",\"item\":\"https:\\\/\\\/azurdeces.com\\\/en\\\/shop\\\/\"},{\"@type\":\"ListItem\",\"position\":3,\"name\":\"Gold heart identification ornament\"}]},{\"@type\":\"WebSite\",\"@id\":\"https:\\\/\\\/azurdeces.com\\\/en\\\/#website\",\"url\":\"https:\\\/\\\/azurdeces.com\\\/en\\\/\",\"name\":\"Services fun\u00e9raires Azur - Transmission d'informations pour un d\u00e9c\u00e8s\",\"description\":\"Formulaire de transmission d&#039;informations pour un d\u00e9c\u00e8s\",\"publisher\":{\"@id\":\"https:\\\/\\\/azurdeces.com\\\/en\\\/#organization\"},\"potentialAction\":[{\"@type\":\"SearchAction\",\"target\":{\"@type\":\"EntryPoint\",\"urlTemplate\":\"https:\\\/\\\/azurdeces.com\\\/en\\\/?s={search_term_string}\"},\"query-input\":{\"@type\":\"PropertyValueSpecification\",\"valueRequired\":true,\"valueName\":\"search_term_string\"}}],\"inLanguage\":\"en-US\"},{\"@type\":\"Organization\",\"@id\":\"https:\\\/\\\/azurdeces.com\\\/en\\\/#organization\",\"name\":\"Services fun\u00e9raires Azur - Transmission d'informations pour un d\u00e9c\u00e8s\",\"url\":\"https:\\\/\\\/azurdeces.com\\\/en\\\/\",\"logo\":{\"@type\":\"ImageObject\",\"inLanguage\":\"en-US\",\"@id\":\"https:\\\/\\\/azurdeces.com\\\/en\\\/#\\\/schema\\\/logo\\\/image\\\/\",\"url\":\"https:\\\/\\\/azurdeces.com\\\/wp-content\\\/uploads\\\/2025\\\/04\\\/Service-Funeraire-Azur_2024_Couleur-siteicon.png\",\"contentUrl\":\"https:\\\/\\\/azurdeces.com\\\/wp-content\\\/uploads\\\/2025\\\/04\\\/Service-Funeraire-Azur_2024_Couleur-siteicon.png\",\"width\":769,\"height\":769,\"caption\":\"Services fun\u00e9raires Azur - Transmission d'informations pour un d\u00e9c\u00e8s\"},\"image\":{\"@id\":\"https:\\\/\\\/azurdeces.com\\\/en\\\/#\\\/schema\\\/logo\\\/image\\\/\"}}]}<\/script>\n<!-- \/ Yoast SEO plugin. -->","yoast_head_json":{"title":"Gold heart identification ornament - Services fun\u00e9raires Azur incin\u00e9ration","robots":{"index":"index","follow":"follow"},"canonical":"https:\/\/azurdeces.com\/en\/product\/gold-heart-identification-ornament\/","og_locale":"en_US","og_type":"article","og_title":"Gold heart identification ornament - Services fun\u00e9raires Azur incin\u00e9ration","og_description":"Add an elegant touch to your urns with our gold-plated alloy nameplate, customizable with engraving. Supplied with a chain or a choice of colored ribbons, it offers a sophisticated, long-lasting finish. Ideal for a unique, respectful tribute.","og_url":"https:\/\/azurdeces.com\/en\/product\/gold-heart-identification-ornament\/","og_site_name":"Services fun\u00e9raires Azur incin\u00e9ration","article_modified_time":"2025-04-26T14:33:21+00:00","og_image":[{"width":1200,"height":1200,"url":"https:\/\/azurdeces.com\/wp-content\/uploads\/2024\/05\/coeur-or-chaine.png","type":"image\/png"}],"twitter_card":"summary_large_image","schema":{"@context":"https:\/\/schema.org","@graph":[{"@type":"WebPage","@id":"https:\/\/azurdeces.com\/en\/product\/gold-heart-identification-ornament\/","url":"https:\/\/azurdeces.com\/en\/product\/gold-heart-identification-ornament\/","name":"Gold heart identification ornament - Services fun\u00e9raires Azur incin\u00e9ration","isPartOf":{"@id":"https:\/\/azurdeces.com\/en\/#website"},"primaryImageOfPage":{"@id":"https:\/\/azurdeces.com\/en\/product\/gold-heart-identification-ornament\/#primaryimage"},"image":{"@id":"https:\/\/azurdeces.com\/en\/product\/gold-heart-identification-ornament\/#primaryimage"},"thumbnailUrl":"https:\/\/azurdeces.com\/wp-content\/uploads\/2024\/05\/coeur-or-chaine.png","datePublished":"2024-05-28T18:11:29+00:00","dateModified":"2025-04-26T14:33:21+00:00","breadcrumb":{"@id":"https:\/\/azurdeces.com\/en\/product\/gold-heart-identification-ornament\/#breadcrumb"},"inLanguage":"en-US","potentialAction":[{"@type":"ReadAction","target":["https:\/\/azurdeces.com\/en\/product\/gold-heart-identification-ornament\/"]}]},{"@type":"ImageObject","inLanguage":"en-US","@id":"https:\/\/azurdeces.com\/en\/product\/gold-heart-identification-ornament\/#primaryimage","url":"https:\/\/azurdeces.com\/wp-content\/uploads\/2024\/05\/coeur-or-chaine.png","contentUrl":"https:\/\/azurdeces.com\/wp-content\/uploads\/2024\/05\/coeur-or-chaine.png","width":1200,"height":1200,"caption":"C\u0153ur argent avec cha\u00eenette"},{"@type":"BreadcrumbList","@id":"https:\/\/azurdeces.com\/en\/product\/gold-heart-identification-ornament\/#breadcrumb","itemListElement":[{"@type":"ListItem","position":1,"name":"Accueil","item":"https:\/\/azurdeces.com\/en\/"},{"@type":"ListItem","position":2,"name":"Products","item":"https:\/\/azurdeces.com\/en\/shop\/"},{"@type":"ListItem","position":3,"name":"Gold heart identification ornament"}]},{"@type":"WebSite","@id":"https:\/\/azurdeces.com\/en\/#website","url":"https:\/\/azurdeces.com\/en\/","name":"Services fun\u00e9raires Azur - Transmission d'informations pour un d\u00e9c\u00e8s","description":"Formulaire de transmission d&#039;informations pour un d\u00e9c\u00e8s","publisher":{"@id":"https:\/\/azurdeces.com\/en\/#organization"},"potentialAction":[{"@type":"SearchAction","target":{"@type":"EntryPoint","urlTemplate":"https:\/\/azurdeces.com\/en\/?s={search_term_string}"},"query-input":{"@type":"PropertyValueSpecification","valueRequired":true,"valueName":"search_term_string"}}],"inLanguage":"en-US"},{"@type":"Organization","@id":"https:\/\/azurdeces.com\/en\/#organization","name":"Services fun\u00e9raires Azur - Transmission d'informations pour un d\u00e9c\u00e8s","url":"https:\/\/azurdeces.com\/en\/","logo":{"@type":"ImageObject","inLanguage":"en-US","@id":"https:\/\/azurdeces.com\/en\/#\/schema\/logo\/image\/","url":"https:\/\/azurdeces.com\/wp-content\/uploads\/2025\/04\/Service-Funeraire-Azur_2024_Couleur-siteicon.png","contentUrl":"https:\/\/azurdeces.com\/wp-content\/uploads\/2025\/04\/Service-Funeraire-Azur_2024_Couleur-siteicon.png","width":769,"height":769,"caption":"Services fun\u00e9raires Azur - Transmission d'informations pour un d\u00e9c\u00e8s"},"image":{"@id":"https:\/\/azurdeces.com\/en\/#\/schema\/logo\/image\/"}}]}},"_links":{"self":[{"href":"https:\/\/azurdeces.com\/en\/wp-json\/wp\/v2\/product\/3404","targetHints":{"allow":["GET"]}}],"collection":[{"href":"https:\/\/azurdeces.com\/en\/wp-json\/wp\/v2\/product"}],"about":[{"href":"https:\/\/azurdeces.com\/en\/wp-json\/wp\/v2\/types\/product"}],"wp:featuredmedia":[{"embeddable":true,"href":"https:\/\/azurdeces.com\/en\/wp-json\/wp\/v2\/media\/3311"}],"wp:attachment":[{"href":"https:\/\/azurdeces.com\/en\/wp-json\/wp\/v2\/media?parent=3404"}],"wp:term":[{"taxonomy":"product_brand","embeddable":true,"href":"https:\/\/azurdeces.com\/en\/wp-json\/wp\/v2\/product_brand?post=3404"},{"taxonomy":"product_cat","embeddable":true,"href":"https:\/\/azurdeces.com\/en\/wp-json\/wp\/v2\/product_cat?post=3404"},{"taxonomy":"product_tag","embeddable":true,"href":"https:\/\/azurdeces.com\/en\/wp-json\/wp\/v2\/product_tag?post=3404"}],"curies":[{"name":"wp","href":"https:\/\/api.w.org\/{rel}","templated":true}]}}