{"id":3770,"date":"2024-03-21T12:45:53","date_gmt":"2024-03-21T16:45:53","guid":{"rendered":"https:\/\/azurdeces.com\/produit\/brass-funeral-urn-white-floral\/"},"modified":"2025-12-10T15:12:11","modified_gmt":"2025-12-10T20:12:11","slug":"brass-funeral-urn-white-floral","status":"publish","type":"product","link":"https:\/\/azurdeces.com\/en\/product\/brass-funeral-urn-white-floral\/","title":{"rendered":"Aluminum funeral urn &#8211; Cardinal"},"content":{"rendered":"<p>Celebrate the memory of a loved one with our aluminum funeral urns, designed to offer an elegant yet lasting tribute. These urns are distinguished by their refined designs, impeccable finishes and high resistance to corrosion. Available in a variety of shapes and sizes, our aluminum funeral urns suit all tastes and traditions.<\/p>\n","protected":false},"excerpt":{"rendered":"<p>Aluminium funeral urn<\/p>\n","protected":false},"featured_media":4485,"template":"","meta":[],"product_brand":[],"product_cat":[44],"product_tag":[358],"class_list":{"0":"post-3770","1":"product","2":"type-product","3":"status-publish","4":"has-post-thumbnail","6":"product_cat-funeral-urn","7":"product_tag-brass","9":"first","10":"instock","11":"shipping-taxable","12":"purchasable","13":"product-type-simple"},"supplier_id":null,"supplier_sku":"","barcode":null,"atum_controlled":true,"out_stock_date":null,"out_stock_threshold":null,"inheritable":false,"inbound_stock":0,"stock_on_hold":0,"sold_today":0,"sales_last_days":0,"reserved_stock":0,"customer_returns":0,"warehouse_damage":0,"lost_in_post":0,"other_logs":0,"out_stock_days":0,"lost_sales":0,"has_location":false,"update_date":"2026-04-16T00:13:52","atum_locations":[],"atum_stock_status":"instock","restock_status":false,"low_stock_amount":"","sales_update_date":"2026-04-16T00:13:52","calc_backorders":null,"yoast_head":"<!-- This site is optimized with the Yoast SEO plugin v27.3 - https:\/\/yoast.com\/product\/yoast-seo-wordpress\/ -->\n<title>Aluminum funeral urn - Cardinal - Services fun\u00e9raires Azur incin\u00e9ration<\/title>\n<meta name=\"robots\" content=\"index, follow\" \/>\n<link rel=\"canonical\" href=\"https:\/\/azurdeces.com\/en\/product\/brass-funeral-urn-white-floral\/\" \/>\n<meta property=\"og:locale\" content=\"en_US\" \/>\n<meta property=\"og:type\" content=\"article\" \/>\n<meta property=\"og:title\" content=\"Aluminum funeral urn - Cardinal - Services fun\u00e9raires Azur incin\u00e9ration\" \/>\n<meta property=\"og:description\" content=\"Aluminium funeral urn\" \/>\n<meta property=\"og:url\" content=\"https:\/\/azurdeces.com\/en\/product\/brass-funeral-urn-white-floral\/\" \/>\n<meta property=\"og:site_name\" content=\"Services fun\u00e9raires Azur incin\u00e9ration\" \/>\n<meta property=\"article:modified_time\" content=\"2025-12-10T20:12:11+00:00\" \/>\n<meta property=\"og:image\" content=\"https:\/\/azurdeces.com\/wp-content\/uploads\/2024\/03\/Urne-Simple-photo-Cardinal-300x300-1.jpg\" \/>\n\t<meta property=\"og:image:width\" content=\"300\" \/>\n\t<meta property=\"og:image:height\" content=\"300\" \/>\n\t<meta property=\"og:image:type\" content=\"image\/jpeg\" \/>\n<meta name=\"twitter:card\" content=\"summary_large_image\" \/>\n<script type=\"application\/ld+json\" class=\"yoast-schema-graph\">{\"@context\":\"https:\\\/\\\/schema.org\",\"@graph\":[{\"@type\":\"WebPage\",\"@id\":\"https:\\\/\\\/azurdeces.com\\\/en\\\/product\\\/brass-funeral-urn-white-floral\\\/\",\"url\":\"https:\\\/\\\/azurdeces.com\\\/en\\\/product\\\/brass-funeral-urn-white-floral\\\/\",\"name\":\"Aluminum funeral urn - Cardinal - Services fun\u00e9raires Azur incin\u00e9ration\",\"isPartOf\":{\"@id\":\"https:\\\/\\\/azurdeces.com\\\/en\\\/#website\"},\"primaryImageOfPage\":{\"@id\":\"https:\\\/\\\/azurdeces.com\\\/en\\\/product\\\/brass-funeral-urn-white-floral\\\/#primaryimage\"},\"image\":{\"@id\":\"https:\\\/\\\/azurdeces.com\\\/en\\\/product\\\/brass-funeral-urn-white-floral\\\/#primaryimage\"},\"thumbnailUrl\":\"https:\\\/\\\/azurdeces.com\\\/wp-content\\\/uploads\\\/2024\\\/03\\\/Urne-Simple-photo-Cardinal-300x300-1.jpg\",\"datePublished\":\"2024-03-21T16:45:53+00:00\",\"dateModified\":\"2025-12-10T20:12:11+00:00\",\"breadcrumb\":{\"@id\":\"https:\\\/\\\/azurdeces.com\\\/en\\\/product\\\/brass-funeral-urn-white-floral\\\/#breadcrumb\"},\"inLanguage\":\"en-US\",\"potentialAction\":[{\"@type\":\"ReadAction\",\"target\":[\"https:\\\/\\\/azurdeces.com\\\/en\\\/product\\\/brass-funeral-urn-white-floral\\\/\"]}]},{\"@type\":\"ImageObject\",\"inLanguage\":\"en-US\",\"@id\":\"https:\\\/\\\/azurdeces.com\\\/en\\\/product\\\/brass-funeral-urn-white-floral\\\/#primaryimage\",\"url\":\"https:\\\/\\\/azurdeces.com\\\/wp-content\\\/uploads\\\/2024\\\/03\\\/Urne-Simple-photo-Cardinal-300x300-1.jpg\",\"contentUrl\":\"https:\\\/\\\/azurdeces.com\\\/wp-content\\\/uploads\\\/2024\\\/03\\\/Urne-Simple-photo-Cardinal-300x300-1.jpg\",\"width\":300,\"height\":300},{\"@type\":\"BreadcrumbList\",\"@id\":\"https:\\\/\\\/azurdeces.com\\\/en\\\/product\\\/brass-funeral-urn-white-floral\\\/#breadcrumb\",\"itemListElement\":[{\"@type\":\"ListItem\",\"position\":1,\"name\":\"Accueil\",\"item\":\"https:\\\/\\\/azurdeces.com\\\/en\\\/\"},{\"@type\":\"ListItem\",\"position\":2,\"name\":\"Products\",\"item\":\"https:\\\/\\\/azurdeces.com\\\/en\\\/shop\\\/\"},{\"@type\":\"ListItem\",\"position\":3,\"name\":\"Aluminum funeral urn &#8211; Cardinal\"}]},{\"@type\":\"WebSite\",\"@id\":\"https:\\\/\\\/azurdeces.com\\\/en\\\/#website\",\"url\":\"https:\\\/\\\/azurdeces.com\\\/en\\\/\",\"name\":\"Services fun\u00e9raires Azur - Transmission d'informations pour un d\u00e9c\u00e8s\",\"description\":\"Formulaire de transmission d&#039;informations pour un d\u00e9c\u00e8s\",\"publisher\":{\"@id\":\"https:\\\/\\\/azurdeces.com\\\/en\\\/#organization\"},\"potentialAction\":[{\"@type\":\"SearchAction\",\"target\":{\"@type\":\"EntryPoint\",\"urlTemplate\":\"https:\\\/\\\/azurdeces.com\\\/en\\\/?s={search_term_string}\"},\"query-input\":{\"@type\":\"PropertyValueSpecification\",\"valueRequired\":true,\"valueName\":\"search_term_string\"}}],\"inLanguage\":\"en-US\"},{\"@type\":\"Organization\",\"@id\":\"https:\\\/\\\/azurdeces.com\\\/en\\\/#organization\",\"name\":\"Services fun\u00e9raires Azur - Transmission d'informations pour un d\u00e9c\u00e8s\",\"url\":\"https:\\\/\\\/azurdeces.com\\\/en\\\/\",\"logo\":{\"@type\":\"ImageObject\",\"inLanguage\":\"en-US\",\"@id\":\"https:\\\/\\\/azurdeces.com\\\/en\\\/#\\\/schema\\\/logo\\\/image\\\/\",\"url\":\"https:\\\/\\\/azurdeces.com\\\/wp-content\\\/uploads\\\/2025\\\/04\\\/Service-Funeraire-Azur_2024_Couleur-siteicon.png\",\"contentUrl\":\"https:\\\/\\\/azurdeces.com\\\/wp-content\\\/uploads\\\/2025\\\/04\\\/Service-Funeraire-Azur_2024_Couleur-siteicon.png\",\"width\":769,\"height\":769,\"caption\":\"Services fun\u00e9raires Azur - Transmission d'informations pour un d\u00e9c\u00e8s\"},\"image\":{\"@id\":\"https:\\\/\\\/azurdeces.com\\\/en\\\/#\\\/schema\\\/logo\\\/image\\\/\"}}]}<\/script>\n<!-- \/ Yoast SEO plugin. -->","yoast_head_json":{"title":"Aluminum funeral urn - Cardinal - Services fun\u00e9raires Azur incin\u00e9ration","robots":{"index":"index","follow":"follow"},"canonical":"https:\/\/azurdeces.com\/en\/product\/brass-funeral-urn-white-floral\/","og_locale":"en_US","og_type":"article","og_title":"Aluminum funeral urn - Cardinal - Services fun\u00e9raires Azur incin\u00e9ration","og_description":"Aluminium funeral urn","og_url":"https:\/\/azurdeces.com\/en\/product\/brass-funeral-urn-white-floral\/","og_site_name":"Services fun\u00e9raires Azur incin\u00e9ration","article_modified_time":"2025-12-10T20:12:11+00:00","og_image":[{"width":300,"height":300,"url":"https:\/\/azurdeces.com\/wp-content\/uploads\/2024\/03\/Urne-Simple-photo-Cardinal-300x300-1.jpg","type":"image\/jpeg"}],"twitter_card":"summary_large_image","schema":{"@context":"https:\/\/schema.org","@graph":[{"@type":"WebPage","@id":"https:\/\/azurdeces.com\/en\/product\/brass-funeral-urn-white-floral\/","url":"https:\/\/azurdeces.com\/en\/product\/brass-funeral-urn-white-floral\/","name":"Aluminum funeral urn - Cardinal - Services fun\u00e9raires Azur incin\u00e9ration","isPartOf":{"@id":"https:\/\/azurdeces.com\/en\/#website"},"primaryImageOfPage":{"@id":"https:\/\/azurdeces.com\/en\/product\/brass-funeral-urn-white-floral\/#primaryimage"},"image":{"@id":"https:\/\/azurdeces.com\/en\/product\/brass-funeral-urn-white-floral\/#primaryimage"},"thumbnailUrl":"https:\/\/azurdeces.com\/wp-content\/uploads\/2024\/03\/Urne-Simple-photo-Cardinal-300x300-1.jpg","datePublished":"2024-03-21T16:45:53+00:00","dateModified":"2025-12-10T20:12:11+00:00","breadcrumb":{"@id":"https:\/\/azurdeces.com\/en\/product\/brass-funeral-urn-white-floral\/#breadcrumb"},"inLanguage":"en-US","potentialAction":[{"@type":"ReadAction","target":["https:\/\/azurdeces.com\/en\/product\/brass-funeral-urn-white-floral\/"]}]},{"@type":"ImageObject","inLanguage":"en-US","@id":"https:\/\/azurdeces.com\/en\/product\/brass-funeral-urn-white-floral\/#primaryimage","url":"https:\/\/azurdeces.com\/wp-content\/uploads\/2024\/03\/Urne-Simple-photo-Cardinal-300x300-1.jpg","contentUrl":"https:\/\/azurdeces.com\/wp-content\/uploads\/2024\/03\/Urne-Simple-photo-Cardinal-300x300-1.jpg","width":300,"height":300},{"@type":"BreadcrumbList","@id":"https:\/\/azurdeces.com\/en\/product\/brass-funeral-urn-white-floral\/#breadcrumb","itemListElement":[{"@type":"ListItem","position":1,"name":"Accueil","item":"https:\/\/azurdeces.com\/en\/"},{"@type":"ListItem","position":2,"name":"Products","item":"https:\/\/azurdeces.com\/en\/shop\/"},{"@type":"ListItem","position":3,"name":"Aluminum funeral urn &#8211; Cardinal"}]},{"@type":"WebSite","@id":"https:\/\/azurdeces.com\/en\/#website","url":"https:\/\/azurdeces.com\/en\/","name":"Services fun\u00e9raires Azur - Transmission d'informations pour un d\u00e9c\u00e8s","description":"Formulaire de transmission d&#039;informations pour un d\u00e9c\u00e8s","publisher":{"@id":"https:\/\/azurdeces.com\/en\/#organization"},"potentialAction":[{"@type":"SearchAction","target":{"@type":"EntryPoint","urlTemplate":"https:\/\/azurdeces.com\/en\/?s={search_term_string}"},"query-input":{"@type":"PropertyValueSpecification","valueRequired":true,"valueName":"search_term_string"}}],"inLanguage":"en-US"},{"@type":"Organization","@id":"https:\/\/azurdeces.com\/en\/#organization","name":"Services fun\u00e9raires Azur - Transmission d'informations pour un d\u00e9c\u00e8s","url":"https:\/\/azurdeces.com\/en\/","logo":{"@type":"ImageObject","inLanguage":"en-US","@id":"https:\/\/azurdeces.com\/en\/#\/schema\/logo\/image\/","url":"https:\/\/azurdeces.com\/wp-content\/uploads\/2025\/04\/Service-Funeraire-Azur_2024_Couleur-siteicon.png","contentUrl":"https:\/\/azurdeces.com\/wp-content\/uploads\/2025\/04\/Service-Funeraire-Azur_2024_Couleur-siteicon.png","width":769,"height":769,"caption":"Services fun\u00e9raires Azur - Transmission d'informations pour un d\u00e9c\u00e8s"},"image":{"@id":"https:\/\/azurdeces.com\/en\/#\/schema\/logo\/image\/"}}]}},"_links":{"self":[{"href":"https:\/\/azurdeces.com\/en\/wp-json\/wp\/v2\/product\/3770","targetHints":{"allow":["GET"]}}],"collection":[{"href":"https:\/\/azurdeces.com\/en\/wp-json\/wp\/v2\/product"}],"about":[{"href":"https:\/\/azurdeces.com\/en\/wp-json\/wp\/v2\/types\/product"}],"wp:featuredmedia":[{"embeddable":true,"href":"https:\/\/azurdeces.com\/en\/wp-json\/wp\/v2\/media\/4485"}],"wp:attachment":[{"href":"https:\/\/azurdeces.com\/en\/wp-json\/wp\/v2\/media?parent=3770"}],"wp:term":[{"taxonomy":"product_brand","embeddable":true,"href":"https:\/\/azurdeces.com\/en\/wp-json\/wp\/v2\/product_brand?post=3770"},{"taxonomy":"product_cat","embeddable":true,"href":"https:\/\/azurdeces.com\/en\/wp-json\/wp\/v2\/product_cat?post=3770"},{"taxonomy":"product_tag","embeddable":true,"href":"https:\/\/azurdeces.com\/en\/wp-json\/wp\/v2\/product_tag?post=3770"}],"curies":[{"name":"wp","href":"https:\/\/api.w.org\/{rel}","templated":true}]}}