{"id":3772,"date":"2024-03-21T12:45:50","date_gmt":"2024-03-21T16:45:50","guid":{"rendered":"https:\/\/azurdeces.com\/produit\/ecological-funeral-urn-tube-colombe\/"},"modified":"2025-03-04T15:21:27","modified_gmt":"2025-03-04T20:21:27","slug":"ecological-funeral-urn-tube-colombe","status":"publish","type":"product","link":"https:\/\/azurdeces.com\/en\/product\/ecological-funeral-urn-tube-colombe\/","title":{"rendered":"Ecological funeral urn &#8211; Tube Dove"},"content":{"rendered":"<p>Made from biodegradable cardboard and other environmentally-friendly materials, this dispersion tube disintegrates naturally over time, leaving no trace in the environment. You can be sure that the last tribute to your loved one will be made in harmony with nature.<\/p>\n","protected":false},"excerpt":{"rendered":"<p>Ecological, biodegradable cardboard dispersion tube.<\/p>\n","protected":false},"featured_media":5731,"template":"","meta":[],"product_brand":[],"product_cat":[44],"product_tag":[352],"class_list":{"0":"post-3772","1":"product","2":"type-product","3":"status-publish","4":"has-post-thumbnail","6":"product_cat-funeral-urn","7":"product_tag-cardboard","9":"first","10":"outofstock","11":"shipping-taxable","12":"purchasable","13":"product-type-simple"},"supplier_id":null,"supplier_sku":"","barcode":null,"atum_controlled":true,"out_stock_date":"2025-08-01 09:21:30","out_stock_threshold":null,"inheritable":false,"inbound_stock":0,"stock_on_hold":0,"sold_today":0,"sales_last_days":0,"reserved_stock":0,"customer_returns":0,"warehouse_damage":0,"lost_in_post":0,"other_logs":0,"out_stock_days":270,"lost_sales":0,"has_location":false,"update_date":"2026-04-29T00:23:40","atum_locations":[],"atum_stock_status":"outofstock","restock_status":false,"low_stock_amount":"","sales_update_date":"2026-04-29T00:23:40","calc_backorders":null,"yoast_head":"<!-- This site is optimized with the Yoast SEO plugin v27.3 - https:\/\/yoast.com\/product\/yoast-seo-wordpress\/ -->\n<title>Ecological funeral urn - Tube Dove - Services fun\u00e9raires Azur incin\u00e9ration<\/title>\n<meta name=\"robots\" content=\"index, follow\" \/>\n<link rel=\"canonical\" href=\"https:\/\/azurdeces.com\/en\/product\/ecological-funeral-urn-tube-colombe\/\" \/>\n<meta property=\"og:locale\" content=\"en_US\" \/>\n<meta property=\"og:type\" content=\"article\" \/>\n<meta property=\"og:title\" content=\"Ecological funeral urn - Tube Dove - Services fun\u00e9raires Azur incin\u00e9ration\" \/>\n<meta property=\"og:description\" content=\"Ecological, biodegradable cardboard dispersion tube.\" \/>\n<meta property=\"og:url\" content=\"https:\/\/azurdeces.com\/en\/product\/ecological-funeral-urn-tube-colombe\/\" \/>\n<meta property=\"og:site_name\" content=\"Services fun\u00e9raires Azur incin\u00e9ration\" \/>\n<meta property=\"article:modified_time\" content=\"2025-03-04T20:21:27+00:00\" \/>\n<meta property=\"og:image\" content=\"https:\/\/azurdeces.com\/wp-content\/uploads\/2024\/03\/Urne-Tube-Carton-Colombe_V2.jpg\" \/>\n\t<meta property=\"og:image:width\" content=\"1600\" \/>\n\t<meta property=\"og:image:height\" content=\"1600\" \/>\n\t<meta property=\"og:image:type\" content=\"image\/jpeg\" \/>\n<meta name=\"twitter:card\" content=\"summary_large_image\" \/>\n<script type=\"application\/ld+json\" class=\"yoast-schema-graph\">{\"@context\":\"https:\\\/\\\/schema.org\",\"@graph\":[{\"@type\":\"WebPage\",\"@id\":\"https:\\\/\\\/azurdeces.com\\\/en\\\/product\\\/ecological-funeral-urn-tube-colombe\\\/\",\"url\":\"https:\\\/\\\/azurdeces.com\\\/en\\\/product\\\/ecological-funeral-urn-tube-colombe\\\/\",\"name\":\"Ecological funeral urn - Tube Dove - Services fun\u00e9raires Azur incin\u00e9ration\",\"isPartOf\":{\"@id\":\"https:\\\/\\\/azurdeces.com\\\/en\\\/#website\"},\"primaryImageOfPage\":{\"@id\":\"https:\\\/\\\/azurdeces.com\\\/en\\\/product\\\/ecological-funeral-urn-tube-colombe\\\/#primaryimage\"},\"image\":{\"@id\":\"https:\\\/\\\/azurdeces.com\\\/en\\\/product\\\/ecological-funeral-urn-tube-colombe\\\/#primaryimage\"},\"thumbnailUrl\":\"https:\\\/\\\/azurdeces.com\\\/wp-content\\\/uploads\\\/2024\\\/03\\\/Urne-Tube-Carton-Colombe_V2.jpg\",\"datePublished\":\"2024-03-21T16:45:50+00:00\",\"dateModified\":\"2025-03-04T20:21:27+00:00\",\"breadcrumb\":{\"@id\":\"https:\\\/\\\/azurdeces.com\\\/en\\\/product\\\/ecological-funeral-urn-tube-colombe\\\/#breadcrumb\"},\"inLanguage\":\"en-US\",\"potentialAction\":[{\"@type\":\"ReadAction\",\"target\":[\"https:\\\/\\\/azurdeces.com\\\/en\\\/product\\\/ecological-funeral-urn-tube-colombe\\\/\"]}]},{\"@type\":\"ImageObject\",\"inLanguage\":\"en-US\",\"@id\":\"https:\\\/\\\/azurdeces.com\\\/en\\\/product\\\/ecological-funeral-urn-tube-colombe\\\/#primaryimage\",\"url\":\"https:\\\/\\\/azurdeces.com\\\/wp-content\\\/uploads\\\/2024\\\/03\\\/Urne-Tube-Carton-Colombe_V2.jpg\",\"contentUrl\":\"https:\\\/\\\/azurdeces.com\\\/wp-content\\\/uploads\\\/2024\\\/03\\\/Urne-Tube-Carton-Colombe_V2.jpg\",\"width\":1600,\"height\":1600},{\"@type\":\"BreadcrumbList\",\"@id\":\"https:\\\/\\\/azurdeces.com\\\/en\\\/product\\\/ecological-funeral-urn-tube-colombe\\\/#breadcrumb\",\"itemListElement\":[{\"@type\":\"ListItem\",\"position\":1,\"name\":\"Accueil\",\"item\":\"https:\\\/\\\/azurdeces.com\\\/en\\\/\"},{\"@type\":\"ListItem\",\"position\":2,\"name\":\"Products\",\"item\":\"https:\\\/\\\/azurdeces.com\\\/en\\\/shop\\\/\"},{\"@type\":\"ListItem\",\"position\":3,\"name\":\"Ecological funeral urn &#8211; Tube Dove\"}]},{\"@type\":\"WebSite\",\"@id\":\"https:\\\/\\\/azurdeces.com\\\/en\\\/#website\",\"url\":\"https:\\\/\\\/azurdeces.com\\\/en\\\/\",\"name\":\"Services fun\u00e9raires Azur - Transmission d'informations pour un d\u00e9c\u00e8s\",\"description\":\"Formulaire de transmission d&#039;informations pour un d\u00e9c\u00e8s\",\"publisher\":{\"@id\":\"https:\\\/\\\/azurdeces.com\\\/en\\\/#organization\"},\"potentialAction\":[{\"@type\":\"SearchAction\",\"target\":{\"@type\":\"EntryPoint\",\"urlTemplate\":\"https:\\\/\\\/azurdeces.com\\\/en\\\/?s={search_term_string}\"},\"query-input\":{\"@type\":\"PropertyValueSpecification\",\"valueRequired\":true,\"valueName\":\"search_term_string\"}}],\"inLanguage\":\"en-US\"},{\"@type\":\"Organization\",\"@id\":\"https:\\\/\\\/azurdeces.com\\\/en\\\/#organization\",\"name\":\"Services fun\u00e9raires Azur - Transmission d'informations pour un d\u00e9c\u00e8s\",\"url\":\"https:\\\/\\\/azurdeces.com\\\/en\\\/\",\"logo\":{\"@type\":\"ImageObject\",\"inLanguage\":\"en-US\",\"@id\":\"https:\\\/\\\/azurdeces.com\\\/en\\\/#\\\/schema\\\/logo\\\/image\\\/\",\"url\":\"https:\\\/\\\/azurdeces.com\\\/wp-content\\\/uploads\\\/2025\\\/04\\\/Service-Funeraire-Azur_2024_Couleur-siteicon.png\",\"contentUrl\":\"https:\\\/\\\/azurdeces.com\\\/wp-content\\\/uploads\\\/2025\\\/04\\\/Service-Funeraire-Azur_2024_Couleur-siteicon.png\",\"width\":769,\"height\":769,\"caption\":\"Services fun\u00e9raires Azur - Transmission d'informations pour un d\u00e9c\u00e8s\"},\"image\":{\"@id\":\"https:\\\/\\\/azurdeces.com\\\/en\\\/#\\\/schema\\\/logo\\\/image\\\/\"}}]}<\/script>\n<!-- \/ Yoast SEO plugin. -->","yoast_head_json":{"title":"Ecological funeral urn - Tube Dove - Services fun\u00e9raires Azur incin\u00e9ration","robots":{"index":"index","follow":"follow"},"canonical":"https:\/\/azurdeces.com\/en\/product\/ecological-funeral-urn-tube-colombe\/","og_locale":"en_US","og_type":"article","og_title":"Ecological funeral urn - Tube Dove - Services fun\u00e9raires Azur incin\u00e9ration","og_description":"Ecological, biodegradable cardboard dispersion tube.","og_url":"https:\/\/azurdeces.com\/en\/product\/ecological-funeral-urn-tube-colombe\/","og_site_name":"Services fun\u00e9raires Azur incin\u00e9ration","article_modified_time":"2025-03-04T20:21:27+00:00","og_image":[{"width":1600,"height":1600,"url":"https:\/\/azurdeces.com\/wp-content\/uploads\/2024\/03\/Urne-Tube-Carton-Colombe_V2.jpg","type":"image\/jpeg"}],"twitter_card":"summary_large_image","schema":{"@context":"https:\/\/schema.org","@graph":[{"@type":"WebPage","@id":"https:\/\/azurdeces.com\/en\/product\/ecological-funeral-urn-tube-colombe\/","url":"https:\/\/azurdeces.com\/en\/product\/ecological-funeral-urn-tube-colombe\/","name":"Ecological funeral urn - Tube Dove - Services fun\u00e9raires Azur incin\u00e9ration","isPartOf":{"@id":"https:\/\/azurdeces.com\/en\/#website"},"primaryImageOfPage":{"@id":"https:\/\/azurdeces.com\/en\/product\/ecological-funeral-urn-tube-colombe\/#primaryimage"},"image":{"@id":"https:\/\/azurdeces.com\/en\/product\/ecological-funeral-urn-tube-colombe\/#primaryimage"},"thumbnailUrl":"https:\/\/azurdeces.com\/wp-content\/uploads\/2024\/03\/Urne-Tube-Carton-Colombe_V2.jpg","datePublished":"2024-03-21T16:45:50+00:00","dateModified":"2025-03-04T20:21:27+00:00","breadcrumb":{"@id":"https:\/\/azurdeces.com\/en\/product\/ecological-funeral-urn-tube-colombe\/#breadcrumb"},"inLanguage":"en-US","potentialAction":[{"@type":"ReadAction","target":["https:\/\/azurdeces.com\/en\/product\/ecological-funeral-urn-tube-colombe\/"]}]},{"@type":"ImageObject","inLanguage":"en-US","@id":"https:\/\/azurdeces.com\/en\/product\/ecological-funeral-urn-tube-colombe\/#primaryimage","url":"https:\/\/azurdeces.com\/wp-content\/uploads\/2024\/03\/Urne-Tube-Carton-Colombe_V2.jpg","contentUrl":"https:\/\/azurdeces.com\/wp-content\/uploads\/2024\/03\/Urne-Tube-Carton-Colombe_V2.jpg","width":1600,"height":1600},{"@type":"BreadcrumbList","@id":"https:\/\/azurdeces.com\/en\/product\/ecological-funeral-urn-tube-colombe\/#breadcrumb","itemListElement":[{"@type":"ListItem","position":1,"name":"Accueil","item":"https:\/\/azurdeces.com\/en\/"},{"@type":"ListItem","position":2,"name":"Products","item":"https:\/\/azurdeces.com\/en\/shop\/"},{"@type":"ListItem","position":3,"name":"Ecological funeral urn &#8211; Tube Dove"}]},{"@type":"WebSite","@id":"https:\/\/azurdeces.com\/en\/#website","url":"https:\/\/azurdeces.com\/en\/","name":"Services fun\u00e9raires Azur - Transmission d'informations pour un d\u00e9c\u00e8s","description":"Formulaire de transmission d&#039;informations pour un d\u00e9c\u00e8s","publisher":{"@id":"https:\/\/azurdeces.com\/en\/#organization"},"potentialAction":[{"@type":"SearchAction","target":{"@type":"EntryPoint","urlTemplate":"https:\/\/azurdeces.com\/en\/?s={search_term_string}"},"query-input":{"@type":"PropertyValueSpecification","valueRequired":true,"valueName":"search_term_string"}}],"inLanguage":"en-US"},{"@type":"Organization","@id":"https:\/\/azurdeces.com\/en\/#organization","name":"Services fun\u00e9raires Azur - Transmission d'informations pour un d\u00e9c\u00e8s","url":"https:\/\/azurdeces.com\/en\/","logo":{"@type":"ImageObject","inLanguage":"en-US","@id":"https:\/\/azurdeces.com\/en\/#\/schema\/logo\/image\/","url":"https:\/\/azurdeces.com\/wp-content\/uploads\/2025\/04\/Service-Funeraire-Azur_2024_Couleur-siteicon.png","contentUrl":"https:\/\/azurdeces.com\/wp-content\/uploads\/2025\/04\/Service-Funeraire-Azur_2024_Couleur-siteicon.png","width":769,"height":769,"caption":"Services fun\u00e9raires Azur - Transmission d'informations pour un d\u00e9c\u00e8s"},"image":{"@id":"https:\/\/azurdeces.com\/en\/#\/schema\/logo\/image\/"}}]}},"_links":{"self":[{"href":"https:\/\/azurdeces.com\/en\/wp-json\/wp\/v2\/product\/3772","targetHints":{"allow":["GET"]}}],"collection":[{"href":"https:\/\/azurdeces.com\/en\/wp-json\/wp\/v2\/product"}],"about":[{"href":"https:\/\/azurdeces.com\/en\/wp-json\/wp\/v2\/types\/product"}],"wp:featuredmedia":[{"embeddable":true,"href":"https:\/\/azurdeces.com\/en\/wp-json\/wp\/v2\/media\/5731"}],"wp:attachment":[{"href":"https:\/\/azurdeces.com\/en\/wp-json\/wp\/v2\/media?parent=3772"}],"wp:term":[{"taxonomy":"product_brand","embeddable":true,"href":"https:\/\/azurdeces.com\/en\/wp-json\/wp\/v2\/product_brand?post=3772"},{"taxonomy":"product_cat","embeddable":true,"href":"https:\/\/azurdeces.com\/en\/wp-json\/wp\/v2\/product_cat?post=3772"},{"taxonomy":"product_tag","embeddable":true,"href":"https:\/\/azurdeces.com\/en\/wp-json\/wp\/v2\/product_tag?post=3772"}],"curies":[{"name":"wp","href":"https:\/\/api.w.org\/{rel}","templated":true}]}}